{"id":15,"date":"2022-05-25T14:38:52","date_gmt":"2022-05-25T12:38:52","guid":{"rendered":"http:\/\/balanced.ch\/?page_id=15"},"modified":"2026-02-12T15:42:25","modified_gmt":"2026-02-12T14:42:25","slug":"produkte","status":"publish","type":"page","link":"http:\/\/balanced.ch\/index.php\/produkte\/","title":{"rendered":"Die Preisliste"},"content":{"rendered":"\n<p><strong>F\u00fcr Ihre Bestellung senden Sie uns ganz einfach ein <a href=\"mailto:bgstuder@bluewin.ch\">E-Mail<\/a>.<br>Als Angaben ben\u00f6tigen wir Ihre Postadresse, Telefonnummer und E-Mail.<\/strong>       Bei Stockbestellung noch zus\u00e4tzlich Schlaufengr\u00f6sse und Paketdepotabstellplatz f\u00fcr den Kurier angeben.<\/p>\n\n\n\n<div class=\"wp-block-media-text alignwide is-stacked-on-mobile\" style=\"grid-template-columns:15% auto\"><figure class=\"wp-block-media-text__media\"><img loading=\"lazy\" decoding=\"async\" width=\"1040\" height=\"780\" src=\"http:\/\/balanced.ch\/wp-content\/uploads\/2022\/05\/P2040107-1040x780.jpg\" alt=\"\" class=\"wp-image-37 size-full\" srcset=\"http:\/\/balanced.ch\/wp-content\/uploads\/2022\/05\/P2040107-1040x780.jpg 1040w, http:\/\/balanced.ch\/wp-content\/uploads\/2022\/05\/P2040107-300x225.jpg 300w, http:\/\/balanced.ch\/wp-content\/uploads\/2022\/05\/P2040107-768x576.jpg 768w, http:\/\/balanced.ch\/wp-content\/uploads\/2022\/05\/P2040107-1536x1152.jpg 1536w, http:\/\/balanced.ch\/wp-content\/uploads\/2022\/05\/P2040107-2048x1536.jpg 2048w\" sizes=\"auto, (max-width: 1040px) 100vw, 1040px\" \/><\/figure><div class=\"wp-block-media-text__content\">\n<p class=\"has-medium-font-size\"><strong>Joy \u2013 Nordic Walking Stock, pro Paar<\/strong><br>Gr\u00f6sse: 95, 97, 100, 102, 105, 107, 110, 112, 115, 117, 120, 122, 125 \u2026<br><strong>CHF 249.&#8211;<\/strong><\/p>\n<\/div><\/div>\n\n\n\n<div class=\"wp-block-media-text alignwide is-stacked-on-mobile\" style=\"grid-template-columns:15% auto\"><figure class=\"wp-block-media-text__media\"><img loading=\"lazy\" decoding=\"async\" width=\"150\" height=\"128\" src=\"http:\/\/balanced.ch\/wp-content\/uploads\/2022\/05\/pads_klein.jpg\" alt=\"\" class=\"wp-image-32 size-full\"\/><\/figure><div class=\"wp-block-media-text__content\">\n<p class=\"has-medium-font-size\">Ersatzpads, pro Paar   <strong>CHF 17.&#8211;<\/strong><\/p>\n<\/div><\/div>\n\n\n\n<div class=\"wp-block-media-text alignwide is-stacked-on-mobile\" style=\"grid-template-columns:15% auto\"><figure class=\"wp-block-media-text__media\"><img loading=\"lazy\" decoding=\"async\" width=\"100\" height=\"85\" src=\"http:\/\/balanced.ch\/wp-content\/uploads\/2022\/05\/Kv.jpg\" alt=\"\" class=\"wp-image-29 size-full\"\/><\/figure><div class=\"wp-block-media-text__content\">\n<p class=\"has-medium-font-size\">Ersatz-Handschlaufe, pro Paar<br>Gr\u00f6sse: XS, S, M\/L, L\/XL   <strong>CHF 30.&#8211;<\/strong><\/p>\n<\/div><\/div>\n\n\n\n<div class=\"wp-block-media-text alignwide is-stacked-on-mobile\" style=\"grid-template-columns:15% auto\"><figure class=\"wp-block-media-text__media\"><img loading=\"lazy\" decoding=\"async\" width=\"100\" height=\"85\" src=\"http:\/\/balanced.ch\/wp-content\/uploads\/2022\/05\/4.jpg\" alt=\"\" class=\"wp-image-28 size-full\"\/><\/figure><div class=\"wp-block-media-text__content\">\n<p class=\"has-medium-font-size\">Spitzen, pro Paar   <strong>CHF 20.&#8211;<\/strong><\/p>\n<\/div><\/div>\n\n\n\n<div class=\"wp-block-media-text alignwide is-stacked-on-mobile\" style=\"grid-template-columns:15% auto\"><figure class=\"wp-block-media-text__media\"><img loading=\"lazy\" decoding=\"async\" width=\"677\" height=\"1040\" src=\"http:\/\/balanced.ch\/wp-content\/uploads\/2026\/02\/KV-4-677x1040.jpg\" alt=\"\" class=\"wp-image-218 size-full\" srcset=\"http:\/\/balanced.ch\/wp-content\/uploads\/2026\/02\/KV-4-677x1040.jpg 677w, http:\/\/balanced.ch\/wp-content\/uploads\/2026\/02\/KV-4-195x300.jpg 195w, http:\/\/balanced.ch\/wp-content\/uploads\/2026\/02\/KV-4-768x1180.jpg 768w, http:\/\/balanced.ch\/wp-content\/uploads\/2026\/02\/KV-4-1000x1536.jpg 1000w, http:\/\/balanced.ch\/wp-content\/uploads\/2026\/02\/KV-4.jpg 1034w\" sizes=\"auto, (max-width: 677px) 100vw, 677px\" \/><\/figure><div class=\"wp-block-media-text__content\">\n<p class=\"has-medium-font-size\">Griffe, pro Paar inkl. Drehsystem  <strong> CHF 130.&#8211;<\/strong><\/p>\n\n\n\n<p><\/p>\n<\/div><\/div>\n\n\n\n<hr class=\"wp-block-separator has-alpha-channel-opacity\"\/>\n\n\n\n<p><strong>Unsere Empfehlung zur Ermittlung der richtigen Stockl\u00e4nge:<\/strong><br>&#8211; Laufschuhe anziehen und vom Boden bis Bauchnabel messen&nbsp;&nbsp;&nbsp;<br>&nbsp;  (dieses Mass bei der Bestellung unbedingt angeben f\u00fcr ihre genaue  <br>     Stockl\u00e4ngenermittlung) = Schlaufenbefestigung auf Bauchnabelh\u00f6he.<br>&#8211; K\u00f6rpergr\u00f6sse x 0,6 ist auch eine Option aber nicht so genau<br><br><strong>Achtung: Die St\u00f6cke von Exel und Leki sind nicht gleich lang wie unsere.<\/strong><\/p>\n\n\n\n<hr class=\"wp-block-separator has-alpha-channel-opacity\"\/>\n\n\n\n<p class=\"has-text-align-left\">Preise sind inklusive MwSt. <strong>Preis\u00e4nderungen vorbehalten<\/strong> <br><br><strong>Versandkostenanteil ab 01\/2024:<\/strong>  <br>&#8211; Bis 3 Paar Joy-St\u00f6cke: CHF 20.\u2013 <br>&#8211; Ab 4 Paar Joy St\u00f6cke CHF 35.&#8211; <br>&#8211; kleinere Pakete: CHF 10.&#8211; <br>&#8211; schwerere Pakete: CHF 14.\u2013  <br><strong>Abholung im Shop St. Gallen ist selbstverst\u00e4ndlich m\u00f6glich! <\/strong><br>Bitte einfach vorher Termin vereinbaren, Danke.<\/p>\n\n\n\n<p><a href=\"http:\/\/balanced.ch\/\">zur\u00fcck zur Startseite<\/a><\/p>\n","protected":false},"excerpt":{"rendered":"<p>F\u00fcr Ihre Bestellung senden Sie uns ganz einfach ein E-Mail.Als Angaben ben\u00f6tigen wir Ihre Postadresse, Telefonnummer und E-Mail. Bei Stockbestellung noch zus\u00e4tzlich Schlaufengr\u00f6sse und Paketdepotabstellplatz f\u00fcr den Kurier angeben. Joy \u2013 Nordic Walking Stock, pro PaarGr\u00f6sse: 95, 97, 100, 102, 105, 107, 110, 112, 115, 117, 120, 122, 125 \u2026CHF 249.&#8211; Ersatzpads, pro Paar CHF [&hellip;]<\/p>\n","protected":false},"author":1,"featured_media":0,"parent":0,"menu_order":0,"comment_status":"closed","ping_status":"closed","template":"","meta":{"footnotes":""},"class_list":["post-15","page","type-page","status-publish","hentry"],"_links":{"self":[{"href":"http:\/\/balanced.ch\/index.php\/wp-json\/wp\/v2\/pages\/15","targetHints":{"allow":["GET"]}}],"collection":[{"href":"http:\/\/balanced.ch\/index.php\/wp-json\/wp\/v2\/pages"}],"about":[{"href":"http:\/\/balanced.ch\/index.php\/wp-json\/wp\/v2\/types\/page"}],"author":[{"embeddable":true,"href":"http:\/\/balanced.ch\/index.php\/wp-json\/wp\/v2\/users\/1"}],"replies":[{"embeddable":true,"href":"http:\/\/balanced.ch\/index.php\/wp-json\/wp\/v2\/comments?post=15"}],"version-history":[{"count":21,"href":"http:\/\/balanced.ch\/index.php\/wp-json\/wp\/v2\/pages\/15\/revisions"}],"predecessor-version":[{"id":219,"href":"http:\/\/balanced.ch\/index.php\/wp-json\/wp\/v2\/pages\/15\/revisions\/219"}],"wp:attachment":[{"href":"http:\/\/balanced.ch\/index.php\/wp-json\/wp\/v2\/media?parent=15"}],"curies":[{"name":"wp","href":"https:\/\/api.w.org\/{rel}","templated":true}]}}